{"id":1243,"date":"2021-09-23T10:03:02","date_gmt":"2021-09-23T08:03:02","guid":{"rendered":"https:\/\/digit.srl\/?page_id=1243"},"modified":"2024-02-08T15:06:57","modified_gmt":"2024-02-08T14:06:57","slug":"smartroadsense","status":"publish","type":"page","link":"https:\/\/digit.srl\/en\/prodotti\/smartroadsense\/","title":{"rendered":"SmartRoadSense"},"content":{"rendered":"<p>L&#8217;app di crowd-sensing per il monitoraggio della qualit\u00e0 del manto stradale<\/p>\n\n\n\n<p><strong>SmartRoadSense<\/strong>&nbsp;\u00e8 una applicazione mobile che sfrutta gli accelerometri e il sensore GPS degli smartphone al fine di rilevare e classificare le irregolarit\u00e0 presenti nella strada, sulla quale si sta guidando.&nbsp;<\/p>\n\n\n\n<p>L&#8217;applicazione rileva e classifica&nbsp;<strong>la ruvidit\u00e0 della strada&nbsp;<\/strong>e, tramite l&#8217; &#8220;algoritmo di&nbsp;classificazione della ruvidit\u00e0 stradale\u2122&#8221;, produce un&nbsp;<strong>indicatore di ruvidit\u00e0<\/strong>&nbsp;numerico che indica la qualit\u00e0 del fondo stradale.<\/p>\n\n\n\n<p>SmartRoadSense \u00e8 una applicazione di&nbsp;<strong>crowd-sensing<\/strong>, ovveroutilizza i dati&nbsp;racconti dai dispositivi mobili delle numerose persone che la utilizzano sui propri smartphone per&nbsp;calcolare una&nbsp;<strong>mappa complessiva e continuamente aggiornata<\/strong>&nbsp;della qualit\u00e0 dell\u2019infrastruttura stradale.<\/p>\n\n\n\n<p>SmartRoadSense \u00e8 un progetto della&nbsp;<strong>Scuola di Scienze e Tecnologie dell\u2019Informazione<\/strong>&nbsp;dell\u2019Universit\u00e0 di Urbino che dal 2015 entrato a far parte del progetto&nbsp;<strong>CROWD4ROADS<\/strong>&nbsp;come uno dei suoi componenti fondamentali.<\/p>\n\n\n\n<div class=\"wp-block-buttons is-layout-flex wp-block-buttons-is-layout-flex\">\n<div class=\"wp-block-button\"><a class=\"wp-block-button__link wp-element-button\" href=\"https:\/\/smartroadsense.it\/\" target=\"_blank\" rel=\"noreferrer noopener\">Vai al sito<\/a><\/div>\n<\/div>\n\n\n\n<figure class=\"wp-block-image size-large\"><img loading=\"lazy\" decoding=\"async\" width=\"1024\" height=\"1024\" src=\"https:\/\/digit.srl\/wp-content\/uploads\/2021\/09\/srs_logo_1120-1024x1024.png\" alt=\"\" class=\"wp-image-1280\" srcset=\"https:\/\/digit.srl\/wp-content\/uploads\/2021\/09\/srs_logo_1120-1024x1024.png 1024w, https:\/\/digit.srl\/wp-content\/uploads\/2021\/09\/srs_logo_1120-300x300.png 300w, https:\/\/digit.srl\/wp-content\/uploads\/2021\/09\/srs_logo_1120-150x150.png 150w, https:\/\/digit.srl\/wp-content\/uploads\/2021\/09\/srs_logo_1120-768x768.png 768w, https:\/\/digit.srl\/wp-content\/uploads\/2021\/09\/srs_logo_1120-12x12.png 12w, https:\/\/digit.srl\/wp-content\/uploads\/2021\/09\/srs_logo_1120.png 1120w\" sizes=\"(max-width: 1024px) 100vw, 1024px\" \/><\/figure>","protected":false},"excerpt":{"rendered":"<p>L&#8217;app di crowd-sensing per il monitoraggio della qualit\u00e0 del manto stradale SmartRoadSense&nbsp;\u00e8 una applicazione mobile che sfrutta gli accelerometri e il sensore GPS degli smartphone al fine di rilevare e classificare le irregolarit\u00e0 presenti nella strada, sulla quale si sta guidando.&nbsp; L&#8217;applicazione rileva e classifica&nbsp;la ruvidit\u00e0 della strada&nbsp;e, tramite l&#8217; &#8220;algoritmo di&nbsp;classificazione della ruvidit\u00e0 stradale\u2122&#8221;, [&hellip;]<\/p>\n","protected":false},"author":2,"featured_media":0,"parent":797,"menu_order":0,"comment_status":"closed","ping_status":"closed","template":"elementor_header_footer","meta":{"footnotes":""},"yoast_head":"<!-- This site is optimized with the Yoast SEO plugin v23.5 - https:\/\/yoast.com\/wordpress\/plugins\/seo\/ -->\n<title>SmartRoadSense - DIGIT srl<\/title>\n<meta name=\"description\" content=\"SmartRoadSense \u00e8 una applicazione mobile che sfrutta gli strumenti presenti negli smartphone al fine di rilevare le irregolarit\u00e0 presenti nella strada.\u00a0\" \/>\n<meta name=\"robots\" content=\"index, follow, max-snippet:-1, max-image-preview:large, max-video-preview:-1\" \/>\n<link rel=\"canonical\" href=\"https:\/\/digit.srl\/en\/prodotti\/smartroadsense\/\" \/>\n<meta property=\"og:locale\" content=\"en_US\" \/>\n<meta property=\"og:type\" content=\"article\" \/>\n<meta property=\"og:title\" content=\"SmartRoadSense - DIGIT srl\" \/>\n<meta property=\"og:description\" content=\"SmartRoadSense \u00e8 una applicazione mobile che sfrutta gli strumenti presenti negli smartphone al fine di rilevare le irregolarit\u00e0 presenti nella strada.\u00a0\" \/>\n<meta property=\"og:url\" content=\"https:\/\/digit.srl\/en\/prodotti\/smartroadsense\/\" \/>\n<meta property=\"og:site_name\" content=\"DIGIT srl\" \/>\n<meta property=\"article:publisher\" content=\"https:\/\/www.facebook.com\/digit.srl.benefit\" \/>\n<meta property=\"article:modified_time\" content=\"2024-02-08T14:06:57+00:00\" \/>\n<meta property=\"og:image\" content=\"https:\/\/digit.srl\/wp-content\/uploads\/2021\/09\/srs_logo_1120-1024x1024.png\" \/>\n<meta name=\"twitter:card\" content=\"summary_large_image\" \/>\n<meta name=\"twitter:site\" content=\"@digitsrl\" \/>\n<meta name=\"twitter:label1\" content=\"Est. reading time\" \/>\n\t<meta name=\"twitter:data1\" content=\"1 minute\" \/>\n<script type=\"application\/ld+json\" class=\"yoast-schema-graph\">{\"@context\":\"https:\/\/schema.org\",\"@graph\":[{\"@type\":\"WebPage\",\"@id\":\"https:\/\/digit.srl\/prodotti\/smartroadsense\/\",\"url\":\"https:\/\/digit.srl\/prodotti\/smartroadsense\/\",\"name\":\"SmartRoadSense - DIGIT srl\",\"isPartOf\":{\"@id\":\"https:\/\/digit.srl\/#website\"},\"primaryImageOfPage\":{\"@id\":\"https:\/\/digit.srl\/prodotti\/smartroadsense\/#primaryimage\"},\"image\":{\"@id\":\"https:\/\/digit.srl\/prodotti\/smartroadsense\/#primaryimage\"},\"thumbnailUrl\":\"https:\/\/digit.srl\/wp-content\/uploads\/2021\/09\/srs_logo_1120-1024x1024.png\",\"datePublished\":\"2021-09-23T08:03:02+00:00\",\"dateModified\":\"2024-02-08T14:06:57+00:00\",\"description\":\"SmartRoadSense \u00e8 una applicazione mobile che sfrutta gli strumenti presenti negli smartphone al fine di rilevare le irregolarit\u00e0 presenti nella strada.\u00a0\",\"breadcrumb\":{\"@id\":\"https:\/\/digit.srl\/prodotti\/smartroadsense\/#breadcrumb\"},\"inLanguage\":\"en-US\",\"potentialAction\":[{\"@type\":\"ReadAction\",\"target\":[\"https:\/\/digit.srl\/prodotti\/smartroadsense\/\"]}]},{\"@type\":\"ImageObject\",\"inLanguage\":\"en-US\",\"@id\":\"https:\/\/digit.srl\/prodotti\/smartroadsense\/#primaryimage\",\"url\":\"https:\/\/digit.srl\/wp-content\/uploads\/2021\/09\/srs_logo_1120-1024x1024.png\",\"contentUrl\":\"https:\/\/digit.srl\/wp-content\/uploads\/2021\/09\/srs_logo_1120-1024x1024.png\"},{\"@type\":\"BreadcrumbList\",\"@id\":\"https:\/\/digit.srl\/prodotti\/smartroadsense\/#breadcrumb\",\"itemListElement\":[{\"@type\":\"ListItem\",\"position\":1,\"name\":\"Home\",\"item\":\"https:\/\/digit.srl\/\"},{\"@type\":\"ListItem\",\"position\":2,\"name\":\"Prodotti\",\"item\":\"https:\/\/digit.srl\/prodotti\/\"},{\"@type\":\"ListItem\",\"position\":3,\"name\":\"SmartRoadSense\"}]},{\"@type\":\"WebSite\",\"@id\":\"https:\/\/digit.srl\/#website\",\"url\":\"https:\/\/digit.srl\/\",\"name\":\"DIGIT srl\",\"description\":\"Innovazione sociale e digitale\",\"publisher\":{\"@id\":\"https:\/\/digit.srl\/#organization\"},\"potentialAction\":[{\"@type\":\"SearchAction\",\"target\":{\"@type\":\"EntryPoint\",\"urlTemplate\":\"https:\/\/digit.srl\/?s={search_term_string}\"},\"query-input\":{\"@type\":\"PropertyValueSpecification\",\"valueRequired\":true,\"valueName\":\"search_term_string\"}}],\"inLanguage\":\"en-US\"},{\"@type\":\"Organization\",\"@id\":\"https:\/\/digit.srl\/#organization\",\"name\":\"DIGIT srl\",\"url\":\"https:\/\/digit.srl\/\",\"logo\":{\"@type\":\"ImageObject\",\"inLanguage\":\"en-US\",\"@id\":\"https:\/\/digit.srl\/#\/schema\/logo\/image\/\",\"url\":\"https:\/\/digit.srl\/wp-content\/uploads\/2020\/09\/cropped-cropped-digit_logo_web-1.png\",\"contentUrl\":\"https:\/\/digit.srl\/wp-content\/uploads\/2020\/09\/cropped-cropped-digit_logo_web-1.png\",\"width\":1437,\"height\":671,\"caption\":\"DIGIT srl\"},\"image\":{\"@id\":\"https:\/\/digit.srl\/#\/schema\/logo\/image\/\"},\"sameAs\":[\"https:\/\/www.facebook.com\/digit.srl.benefit\",\"https:\/\/x.com\/digitsrl\",\"https:\/\/www.instagram.com\/digitsrl\/\",\"https:\/\/www.linkedin.com\/company\/digitsrl\/\"]}]}<\/script>\n<!-- \/ Yoast SEO plugin. -->","yoast_head_json":{"title":"SmartRoadSense - DIGIT srl","description":"SmartRoadSense \u00e8 una applicazione mobile che sfrutta gli strumenti presenti negli smartphone al fine di rilevare le irregolarit\u00e0 presenti nella strada.\u00a0","robots":{"index":"index","follow":"follow","max-snippet":"max-snippet:-1","max-image-preview":"max-image-preview:large","max-video-preview":"max-video-preview:-1"},"canonical":"https:\/\/digit.srl\/en\/prodotti\/smartroadsense\/","og_locale":"en_US","og_type":"article","og_title":"SmartRoadSense - DIGIT srl","og_description":"SmartRoadSense \u00e8 una applicazione mobile che sfrutta gli strumenti presenti negli smartphone al fine di rilevare le irregolarit\u00e0 presenti nella strada.\u00a0","og_url":"https:\/\/digit.srl\/en\/prodotti\/smartroadsense\/","og_site_name":"DIGIT srl","article_publisher":"https:\/\/www.facebook.com\/digit.srl.benefit","article_modified_time":"2024-02-08T14:06:57+00:00","og_image":[{"url":"https:\/\/digit.srl\/wp-content\/uploads\/2021\/09\/srs_logo_1120-1024x1024.png"}],"twitter_card":"summary_large_image","twitter_site":"@digitsrl","twitter_misc":{"Est. reading time":"1 minute"},"schema":{"@context":"https:\/\/schema.org","@graph":[{"@type":"WebPage","@id":"https:\/\/digit.srl\/prodotti\/smartroadsense\/","url":"https:\/\/digit.srl\/prodotti\/smartroadsense\/","name":"SmartRoadSense - DIGIT srl","isPartOf":{"@id":"https:\/\/digit.srl\/#website"},"primaryImageOfPage":{"@id":"https:\/\/digit.srl\/prodotti\/smartroadsense\/#primaryimage"},"image":{"@id":"https:\/\/digit.srl\/prodotti\/smartroadsense\/#primaryimage"},"thumbnailUrl":"https:\/\/digit.srl\/wp-content\/uploads\/2021\/09\/srs_logo_1120-1024x1024.png","datePublished":"2021-09-23T08:03:02+00:00","dateModified":"2024-02-08T14:06:57+00:00","description":"SmartRoadSense \u00e8 una applicazione mobile che sfrutta gli strumenti presenti negli smartphone al fine di rilevare le irregolarit\u00e0 presenti nella strada.\u00a0","breadcrumb":{"@id":"https:\/\/digit.srl\/prodotti\/smartroadsense\/#breadcrumb"},"inLanguage":"en-US","potentialAction":[{"@type":"ReadAction","target":["https:\/\/digit.srl\/prodotti\/smartroadsense\/"]}]},{"@type":"ImageObject","inLanguage":"en-US","@id":"https:\/\/digit.srl\/prodotti\/smartroadsense\/#primaryimage","url":"https:\/\/digit.srl\/wp-content\/uploads\/2021\/09\/srs_logo_1120-1024x1024.png","contentUrl":"https:\/\/digit.srl\/wp-content\/uploads\/2021\/09\/srs_logo_1120-1024x1024.png"},{"@type":"BreadcrumbList","@id":"https:\/\/digit.srl\/prodotti\/smartroadsense\/#breadcrumb","itemListElement":[{"@type":"ListItem","position":1,"name":"Home","item":"https:\/\/digit.srl\/"},{"@type":"ListItem","position":2,"name":"Prodotti","item":"https:\/\/digit.srl\/prodotti\/"},{"@type":"ListItem","position":3,"name":"SmartRoadSense"}]},{"@type":"WebSite","@id":"https:\/\/digit.srl\/#website","url":"https:\/\/digit.srl\/","name":"DIGIT srl","description":"Innovazione sociale e digitale","publisher":{"@id":"https:\/\/digit.srl\/#organization"},"potentialAction":[{"@type":"SearchAction","target":{"@type":"EntryPoint","urlTemplate":"https:\/\/digit.srl\/?s={search_term_string}"},"query-input":{"@type":"PropertyValueSpecification","valueRequired":true,"valueName":"search_term_string"}}],"inLanguage":"en-US"},{"@type":"Organization","@id":"https:\/\/digit.srl\/#organization","name":"DIGIT srl","url":"https:\/\/digit.srl\/","logo":{"@type":"ImageObject","inLanguage":"en-US","@id":"https:\/\/digit.srl\/#\/schema\/logo\/image\/","url":"https:\/\/digit.srl\/wp-content\/uploads\/2020\/09\/cropped-cropped-digit_logo_web-1.png","contentUrl":"https:\/\/digit.srl\/wp-content\/uploads\/2020\/09\/cropped-cropped-digit_logo_web-1.png","width":1437,"height":671,"caption":"DIGIT srl"},"image":{"@id":"https:\/\/digit.srl\/#\/schema\/logo\/image\/"},"sameAs":["https:\/\/www.facebook.com\/digit.srl.benefit","https:\/\/x.com\/digitsrl","https:\/\/www.instagram.com\/digitsrl\/","https:\/\/www.linkedin.com\/company\/digitsrl\/"]}]}},"_links":{"self":[{"href":"https:\/\/digit.srl\/en\/wp-json\/wp\/v2\/pages\/1243"}],"collection":[{"href":"https:\/\/digit.srl\/en\/wp-json\/wp\/v2\/pages"}],"about":[{"href":"https:\/\/digit.srl\/en\/wp-json\/wp\/v2\/types\/page"}],"author":[{"embeddable":true,"href":"https:\/\/digit.srl\/en\/wp-json\/wp\/v2\/users\/2"}],"replies":[{"embeddable":true,"href":"https:\/\/digit.srl\/en\/wp-json\/wp\/v2\/comments?post=1243"}],"version-history":[{"count":40,"href":"https:\/\/digit.srl\/en\/wp-json\/wp\/v2\/pages\/1243\/revisions"}],"predecessor-version":[{"id":1989,"href":"https:\/\/digit.srl\/en\/wp-json\/wp\/v2\/pages\/1243\/revisions\/1989"}],"up":[{"embeddable":true,"href":"https:\/\/digit.srl\/en\/wp-json\/wp\/v2\/pages\/797"}],"wp:attachment":[{"href":"https:\/\/digit.srl\/en\/wp-json\/wp\/v2\/media?parent=1243"}],"curies":[{"name":"wp","href":"https:\/\/api.w.org\/{rel}","templated":true}]}}