{"id":2006,"date":"2025-07-16T17:30:28","date_gmt":"2025-07-16T15:30:28","guid":{"rendered":"https:\/\/digit.srl\/?page_id=2006"},"modified":"2025-07-16T18:25:28","modified_gmt":"2025-07-16T16:25:28","slug":"aifit","status":"publish","type":"page","link":"https:\/\/digit.srl\/en\/privacy\/aifit\/","title":{"rendered":"Privacy Policy \u2018AI Fit\u2019"},"content":{"rendered":"<p>La presente informativa \u00e8 resa ai sensi del Regolamento (UE) 2016\/679 (\u201cGDPR\u201d) e del D.Lgs. 196\/2003 e s.m.i. (Codice Privacy), nonch\u00e9 delle altre normative vigenti in materia di protezione dei dati personali e contiene tutte le informazioni sul trattamento e sulla gestione dei dati personali che vengono raccolti quando si accede all\u2019<strong>applicazione AI Fit<\/strong> (di seguito \u201capplicazione\u201d) tramite il proprio dispositivo.<\/p>\n\n\n\n<h2 class=\"wp-block-heading\">1. Titolare e responsabile del trattamento dei dati<\/h2>\n\n\n\n<p>Il Titolare del trattamento \u00e8 l\u2019Universit\u00e0 degli Studi di Urbino Carlo Bo nella figura del Legale rappresentante, il Rettore. I dati di contatto del Titolare sono: Indirizzo: Via A. Saffi, 2 \u2013 61029 Urbino (PU) &#8211; Italy \u2013 Telefono: 0722 305343, e-mail: rettore@uniurb.it, PEC: amministrazione@uniurb.legalmail.it<br>Il Responsabile della Protezione dei Dati \u2013 Data Protection Officer (RPD-DPO) \u00e8 l\u2019Ing. Mauro Raimondi.<\/p>\n\n\n\n<p>I dati di contatto del RPD sono: Indirizzo: Via A. Saffi, 2 \u2013 61029 Urbino (PU) &#8211; Italy &#8211; Telefono: 0722 305234, e-mail: rpd@uniurb.it, PEC: rpd@uniurb.legalmail.it.<\/p>\n\n\n\n<p>Il responsabile scientifico del progetto \u00e8 il prof. Emanuele Lattanzi e-mail: emanuele.lattanzi@uniurb.it<\/p>\n\n\n\n<h2 class=\"wp-block-heading\">2. Dati oggetto del trattamento&nbsp;<\/h2>\n\n\n\n<p>L\u2019applicazione raccoglie le seguenti informazioni:<\/p>\n\n\n\n<ul>\n<li>dati relativi ai sensori del dispositivo mobile (accelerometri e giroscopi);<\/li>\n\n\n\n<li>altezza, peso, et\u00e0, genere.1<\/li>\n<\/ul>\n\n\n\n<p>Questi dati sono raccolti in forma pseudonimizzata e trattati per le finalit\u00e0 di ricerca scientifica. Non vengono associati a informazioni identificative dirette come nome o contatti. Tuttavia, per il GDPR costituiscono dati personali nella fase di raccolta.<\/p>\n\n\n\n<p>I dati vengono inviati a Google Firebase e archiviati secondo i relativi termini di servizio e informativa privacy (<a href=\"https:\/\/firebase.google.com\/terms\" target=\"_blank\" rel=\"noreferrer noopener nofollow\">Termini del servizio di Firebase<\/a>).<\/p>\n\n\n\n<h2 class=\"wp-block-heading\">3. Finalit\u00e0 e modalit\u00e0 del trattamento<\/h2>\n\n\n\n<p>Il trattamento dei Suoi dati personali \u00e8 effettuato per la realizzazione delle finalit\u00e0 scientifiche del Progetto ovvero la creazione di una banca dati aperta per il riconoscimento dell&#8217;attivit\u00e0 umana tramite sensori inerziali di smartphone.<\/p>\n\n\n\n<p>Il Progetto \u00e8 stato redatto conformemente agli standard metodologici del settore disciplinare interessato ed \u00e8 depositato presso il Dipartimento di Scienze Pure e Applicate dell\u2019Universit\u00e0 degli Studi di Urbino Carlo Bo, ove verr\u00e0 conservato per cinque anni dalla conclusione programmata della ricerca stessa.<\/p>\n\n\n\n<p>I suoi dati personali saranno trattati soltanto nella misura in cui siano indispensabili in relazione all&#8217;obiettivo del progetto, nel rispetto di quanto previsto dalla normativa vigente in materia di protezione dei dati personali e conformemente alle disposizioni di cui alle autorizzazioni generali dell\u2019Autorit\u00e0 Garante per la protezione dei dati personali.<br>Sono implementate tutte le misure di tutela indicate dalla normativa sulla protezione dei dati personali e dalla normativa applicabile nonch\u00e9 quelle determinate dall\u2019Ateneo. In particolare, i Suoi dati saranno trattati esclusivamente dal Titolare, dal Responsabile scientifico e\/o da soggetti autorizzati nell\u2019ambito della realizzazione del Progetto, con strumenti automatizzati e non, esclusivamente per consentire lo svolgimento della ricerca in parola e di tutte le relative operazioni ed attivit\u00e0 connesse, comprese quelle<br>amministrative.<\/p>\n\n\n\n<h2 class=\"wp-block-heading\">4. Basi legali del trattamento<\/h2>\n\n\n\n<p>Il trattamento dei Suoi dati personali viene effettuato dal Titolare nell\u2019ambito di esecuzione dei propri compiti di interesse pubblico ai sensi dell\u2019art. 6, comma 1, lett. e) del GDPR.<br>Il trattamento delle categorie particolari di dati personali (dati sensibili) viene effettuato per fini di ricerca scientifica ai sensi dell\u2019art. 9, comma 2, lett. j) del GDPR e sulla base di un consenso esplicito da Lei prestato (art. 9, comma 2, lett. a) del RGDP; art. 110 del Codice Privacy.<\/p>\n\n\n\n<h2 class=\"wp-block-heading\">5. Trasferimenti dati extra-UE<\/h2>\n\n\n\n<p>Il trattamento pu\u00f2 comportare il trasferimento di dati verso Paesi terzi tramite Google Firebase. In tali casi, il trasferimento avviene sulla base di Clausole Contrattuali Standard approvate dalla Commissione Europea e altre misure di protezione adeguate.<\/p>\n\n\n\n<p>Inoltre, i suoi dati personali potranno essere comunicati in forma anonima e\/o aggregata a fini di pubblicazione scientifica del lavoro a riviste presso cui si far\u00e0 la sottomissione del lavoro.<\/p>\n\n\n\n<h2 class=\"wp-block-heading\">6. Periodo di conservazione<\/h2>\n\n\n\n<p>I dati raccolti nel corso del progetto saranno registrati, elaborati e conservati fino al raggiungimento delle finalit\u00e0 del Progetto per 5 anni, come richiesto dalle riviste di pubblicazione del lavoro. I dati verranno conservati dal Titolare sotto la responsabilit\u00e0 del Prof. Alessandro Bogliolo.<\/p>\n\n\n\n<h2 class=\"wp-block-heading\">7. Natura di conferimento dei dati<\/h2>\n\n\n\n<p>Il conferimento dei suoi dati per le suddette finalit\u00e0 di ricerca \u00e8 indispensabile per lo svolgimento del Progetto e non discende da un obbligo normativo e\/o contrattuale. Il mancato conferimento determina l\u2019impossibilit\u00e0 di partecipare al Progetto.<\/p>\n\n\n\n<h2 class=\"wp-block-heading\">8. Divulgazione dei risultati della ricerca<\/h2>\n\n\n\n<p>I dati saranno diffusi solo in forma rigorosamente anonima e\/o aggregata e comunque secondo modalit\u00e0 che non La rendano identificabile (ad esempio attraverso pubblicazioni scientifiche, statistiche e convegni scientifici e\/o la creazione di banche dati, anche con modalit\u00e0 ad accesso aperto).<\/p>\n\n\n\n<h2 class=\"wp-block-heading\">9. Diritti dell\u2019interessato<\/h2>\n\n\n\n<p>Nella sua qualit\u00e0 di Interessato e partecipante al progetto, ha il diritto in qualunque momento di ottenere la conferma dell\u2019esistenza o meno dei medesimi dati e di conoscerne il contenuto e l\u2019origine, gode altres\u00ec dei diritti di cui alla sezione 2, 3 e 4 del capo III del GDPR (es. chiedere al titolare del trattamento: l&#8217;accesso ai dati personali e la rettifica o la cancellazione degli stessi; la limitazione del trattamento che lo riguardano; di opporsi al loro trattamento, oltre al diritto alla portabilit\u00e0 dei dati).<br>L\u2019interessato ha diritto a:<\/p>\n\n\n\n<ul>\n<li>chiedere al titolare, ai sensi degli artt. 15, 16, 17, 18, 19, 20 e 21 del DPR, l\u2019accesso ai propri dati personali e la rettifica o la cancellazione degli stessi o la limitazione del trattamento che lo riguardano o di opporsi al loro trattamento, oltre al diritto alla portabilit\u00e0 dei dati. La cancellazione non \u00e8 consentita per i dati contenuti negli atti che devono obbligatoriamente essere conservati dall\u2019Universit\u00e0;<\/li>\n\n\n\n<li>revocare il consenso in qualsiasi momento, senza pregiudicare la liceit\u00e0 del trattamento basata sul consenso prestato prima della revoca;<\/li>\n\n\n\n<li>Ai sensi dell\u2019art. 17, comma 3, lett. d) del GDPR, il diritto alla cancellazione non sussiste per i dati il cui trattamento sia necessario ai fini di ricerca scientifica qualora rischi di rendere<br>impossibile e\/o pregiudicare gravemente gli obiettivi della ricerca stessa.<\/li>\n\n\n\n<li>proporre reclamo all&#8217;autorit\u00e0 di controllo.<\/li>\n<\/ul>\n\n\n\n<p>Per l\u2019esercizio dei suddetti diritti l\u2019interessato pu\u00f2 contattare il Titolare (nella figura del Responsabile scientifico del progetto) e\/o il Responsabile della protezione dei dati di Ateneo ai recapiti sopra indicati.<br><\/p>\n\n\n\n<p>L\u2019interessato potr\u00e0 esercitare tutti i diritti di cui sopra inviando una e-mail al Responsabile della Protezione dei Dati \u2013 Data Protection Officer al seguente indirizzo email: rpd@uniurb.it.<\/p>\n\n\n\n<p>Resta salvo il diritto di proporre reclamo al Garante per la protezione dei dati personali.<br>Per informazioni relative al Progetto pu\u00f2 rivolgersi al Responsabile scientifico del progetto al seguente recapito: Prof. Emanuele Lattanzi, Dipartimento di Scienze Pure e Applicate, Universit\u00e0 degli Studi di Urbino Carlo Bo, Piazza della Repubblica, 13 61029 Urbino. Tel\/Fax: +39 0722 4423.<\/p>\n\n\n\n<h2 class=\"wp-block-heading\">10. Aggiornamenti dell\u2019informativa<\/h2>\n\n\n\n<p>La presente informativa privacy potr\u00e0 essere aggiornata nel tempo, pertanto Digit s.r.l. indicher\u00e0 la data dell\u2019ultimo aggiornamento in calce all\u2019informativa stessa.<\/p>\n\n\n\n<p>Ultimo aggiornamento: <strong>16\/07\/2025<\/strong>.<\/p>","protected":false},"excerpt":{"rendered":"<p>La presente informativa \u00e8 resa ai sensi del Regolamento (UE) 2016\/679 (\u201cGDPR\u201d) e del D.Lgs. 196\/2003 e s.m.i. (Codice Privacy), nonch\u00e9 delle altre normative vigenti in materia di protezione dei dati personali e contiene tutte le informazioni sul trattamento e sulla gestione dei dati personali che vengono raccolti quando si accede all\u2019applicazione AI Fit (di [&hellip;]<\/p>\n","protected":false},"author":2,"featured_media":0,"parent":3,"menu_order":0,"comment_status":"closed","ping_status":"closed","template":"","meta":{"footnotes":""},"yoast_head":"<!-- This site is optimized with the Yoast SEO plugin v23.5 - https:\/\/yoast.com\/wordpress\/plugins\/seo\/ -->\n<title>Privacy Policy \u2018AI Fit\u2019 - DIGIT srl<\/title>\n<meta name=\"robots\" content=\"index, follow, max-snippet:-1, max-image-preview:large, max-video-preview:-1\" \/>\n<link rel=\"canonical\" href=\"https:\/\/digit.srl\/en\/privacy\/aifit\/\" \/>\n<meta property=\"og:locale\" content=\"en_US\" \/>\n<meta property=\"og:type\" content=\"article\" \/>\n<meta property=\"og:title\" content=\"Privacy Policy \u2018AI Fit\u2019 - DIGIT srl\" \/>\n<meta property=\"og:description\" content=\"La presente informativa \u00e8 resa ai sensi del Regolamento (UE) 2016\/679 (\u201cGDPR\u201d) e del D.Lgs. 196\/2003 e s.m.i. (Codice Privacy), nonch\u00e9 delle altre normative vigenti in materia di protezione dei dati personali e contiene tutte le informazioni sul trattamento e sulla gestione dei dati personali che vengono raccolti quando si accede all\u2019applicazione AI Fit (di [&hellip;]\" \/>\n<meta property=\"og:url\" content=\"https:\/\/digit.srl\/en\/privacy\/aifit\/\" \/>\n<meta property=\"og:site_name\" content=\"DIGIT srl\" \/>\n<meta property=\"article:publisher\" content=\"https:\/\/www.facebook.com\/digit.srl.benefit\" \/>\n<meta property=\"article:modified_time\" content=\"2025-07-16T16:25:28+00:00\" \/>\n<meta property=\"og:image\" content=\"https:\/\/digit.srl\/wp-content\/uploads\/2020\/09\/cropped-digit_logo_web-1.png\" \/>\n\t<meta property=\"og:image:width\" content=\"1437\" \/>\n\t<meta property=\"og:image:height\" content=\"671\" \/>\n\t<meta property=\"og:image:type\" content=\"image\/png\" \/>\n<meta name=\"twitter:card\" content=\"summary_large_image\" \/>\n<meta name=\"twitter:site\" content=\"@digitsrl\" \/>\n<meta name=\"twitter:label1\" content=\"Est. reading time\" \/>\n\t<meta name=\"twitter:data1\" content=\"6 minutes\" \/>\n<script type=\"application\/ld+json\" class=\"yoast-schema-graph\">{\"@context\":\"https:\/\/schema.org\",\"@graph\":[{\"@type\":\"WebPage\",\"@id\":\"https:\/\/digit.srl\/privacy\/aifit\/\",\"url\":\"https:\/\/digit.srl\/privacy\/aifit\/\",\"name\":\"Privacy Policy \u2018AI Fit\u2019 - DIGIT srl\",\"isPartOf\":{\"@id\":\"https:\/\/digit.srl\/#website\"},\"datePublished\":\"2025-07-16T15:30:28+00:00\",\"dateModified\":\"2025-07-16T16:25:28+00:00\",\"breadcrumb\":{\"@id\":\"https:\/\/digit.srl\/privacy\/aifit\/#breadcrumb\"},\"inLanguage\":\"en-US\",\"potentialAction\":[{\"@type\":\"ReadAction\",\"target\":[\"https:\/\/digit.srl\/privacy\/aifit\/\"]}]},{\"@type\":\"BreadcrumbList\",\"@id\":\"https:\/\/digit.srl\/privacy\/aifit\/#breadcrumb\",\"itemListElement\":[{\"@type\":\"ListItem\",\"position\":1,\"name\":\"Home\",\"item\":\"https:\/\/digit.srl\/\"},{\"@type\":\"ListItem\",\"position\":2,\"name\":\"Privacy Policy\",\"item\":\"https:\/\/digit.srl\/privacy\/\"},{\"@type\":\"ListItem\",\"position\":3,\"name\":\"Privacy Policy \u2018AI Fit\u2019\"}]},{\"@type\":\"WebSite\",\"@id\":\"https:\/\/digit.srl\/#website\",\"url\":\"https:\/\/digit.srl\/\",\"name\":\"DIGIT srl\",\"description\":\"Innovazione sociale e digitale\",\"publisher\":{\"@id\":\"https:\/\/digit.srl\/#organization\"},\"potentialAction\":[{\"@type\":\"SearchAction\",\"target\":{\"@type\":\"EntryPoint\",\"urlTemplate\":\"https:\/\/digit.srl\/?s={search_term_string}\"},\"query-input\":{\"@type\":\"PropertyValueSpecification\",\"valueRequired\":true,\"valueName\":\"search_term_string\"}}],\"inLanguage\":\"en-US\"},{\"@type\":\"Organization\",\"@id\":\"https:\/\/digit.srl\/#organization\",\"name\":\"DIGIT srl\",\"url\":\"https:\/\/digit.srl\/\",\"logo\":{\"@type\":\"ImageObject\",\"inLanguage\":\"en-US\",\"@id\":\"https:\/\/digit.srl\/#\/schema\/logo\/image\/\",\"url\":\"https:\/\/digit.srl\/wp-content\/uploads\/2020\/09\/cropped-cropped-digit_logo_web-1.png\",\"contentUrl\":\"https:\/\/digit.srl\/wp-content\/uploads\/2020\/09\/cropped-cropped-digit_logo_web-1.png\",\"width\":1437,\"height\":671,\"caption\":\"DIGIT srl\"},\"image\":{\"@id\":\"https:\/\/digit.srl\/#\/schema\/logo\/image\/\"},\"sameAs\":[\"https:\/\/www.facebook.com\/digit.srl.benefit\",\"https:\/\/x.com\/digitsrl\",\"https:\/\/www.instagram.com\/digitsrl\/\",\"https:\/\/www.linkedin.com\/company\/digitsrl\/\"]}]}<\/script>\n<!-- \/ Yoast SEO plugin. -->","yoast_head_json":{"title":"Privacy Policy \u2018AI Fit\u2019 - DIGIT srl","robots":{"index":"index","follow":"follow","max-snippet":"max-snippet:-1","max-image-preview":"max-image-preview:large","max-video-preview":"max-video-preview:-1"},"canonical":"https:\/\/digit.srl\/en\/privacy\/aifit\/","og_locale":"en_US","og_type":"article","og_title":"Privacy Policy \u2018AI Fit\u2019 - DIGIT srl","og_description":"La presente informativa \u00e8 resa ai sensi del Regolamento (UE) 2016\/679 (\u201cGDPR\u201d) e del D.Lgs. 196\/2003 e s.m.i. (Codice Privacy), nonch\u00e9 delle altre normative vigenti in materia di protezione dei dati personali e contiene tutte le informazioni sul trattamento e sulla gestione dei dati personali che vengono raccolti quando si accede all\u2019applicazione AI Fit (di [&hellip;]","og_url":"https:\/\/digit.srl\/en\/privacy\/aifit\/","og_site_name":"DIGIT srl","article_publisher":"https:\/\/www.facebook.com\/digit.srl.benefit","article_modified_time":"2025-07-16T16:25:28+00:00","og_image":[{"width":1437,"height":671,"url":"https:\/\/digit.srl\/wp-content\/uploads\/2020\/09\/cropped-digit_logo_web-1.png","type":"image\/png"}],"twitter_card":"summary_large_image","twitter_site":"@digitsrl","twitter_misc":{"Est. reading time":"6 minutes"},"schema":{"@context":"https:\/\/schema.org","@graph":[{"@type":"WebPage","@id":"https:\/\/digit.srl\/privacy\/aifit\/","url":"https:\/\/digit.srl\/privacy\/aifit\/","name":"Privacy Policy \u2018AI Fit\u2019 - DIGIT srl","isPartOf":{"@id":"https:\/\/digit.srl\/#website"},"datePublished":"2025-07-16T15:30:28+00:00","dateModified":"2025-07-16T16:25:28+00:00","breadcrumb":{"@id":"https:\/\/digit.srl\/privacy\/aifit\/#breadcrumb"},"inLanguage":"en-US","potentialAction":[{"@type":"ReadAction","target":["https:\/\/digit.srl\/privacy\/aifit\/"]}]},{"@type":"BreadcrumbList","@id":"https:\/\/digit.srl\/privacy\/aifit\/#breadcrumb","itemListElement":[{"@type":"ListItem","position":1,"name":"Home","item":"https:\/\/digit.srl\/"},{"@type":"ListItem","position":2,"name":"Privacy Policy","item":"https:\/\/digit.srl\/privacy\/"},{"@type":"ListItem","position":3,"name":"Privacy Policy \u2018AI Fit\u2019"}]},{"@type":"WebSite","@id":"https:\/\/digit.srl\/#website","url":"https:\/\/digit.srl\/","name":"DIGIT srl","description":"Innovazione sociale e digitale","publisher":{"@id":"https:\/\/digit.srl\/#organization"},"potentialAction":[{"@type":"SearchAction","target":{"@type":"EntryPoint","urlTemplate":"https:\/\/digit.srl\/?s={search_term_string}"},"query-input":{"@type":"PropertyValueSpecification","valueRequired":true,"valueName":"search_term_string"}}],"inLanguage":"en-US"},{"@type":"Organization","@id":"https:\/\/digit.srl\/#organization","name":"DIGIT srl","url":"https:\/\/digit.srl\/","logo":{"@type":"ImageObject","inLanguage":"en-US","@id":"https:\/\/digit.srl\/#\/schema\/logo\/image\/","url":"https:\/\/digit.srl\/wp-content\/uploads\/2020\/09\/cropped-cropped-digit_logo_web-1.png","contentUrl":"https:\/\/digit.srl\/wp-content\/uploads\/2020\/09\/cropped-cropped-digit_logo_web-1.png","width":1437,"height":671,"caption":"DIGIT srl"},"image":{"@id":"https:\/\/digit.srl\/#\/schema\/logo\/image\/"},"sameAs":["https:\/\/www.facebook.com\/digit.srl.benefit","https:\/\/x.com\/digitsrl","https:\/\/www.instagram.com\/digitsrl\/","https:\/\/www.linkedin.com\/company\/digitsrl\/"]}]}},"_links":{"self":[{"href":"https:\/\/digit.srl\/en\/wp-json\/wp\/v2\/pages\/2006"}],"collection":[{"href":"https:\/\/digit.srl\/en\/wp-json\/wp\/v2\/pages"}],"about":[{"href":"https:\/\/digit.srl\/en\/wp-json\/wp\/v2\/types\/page"}],"author":[{"embeddable":true,"href":"https:\/\/digit.srl\/en\/wp-json\/wp\/v2\/users\/2"}],"replies":[{"embeddable":true,"href":"https:\/\/digit.srl\/en\/wp-json\/wp\/v2\/comments?post=2006"}],"version-history":[{"count":4,"href":"https:\/\/digit.srl\/en\/wp-json\/wp\/v2\/pages\/2006\/revisions"}],"predecessor-version":[{"id":2013,"href":"https:\/\/digit.srl\/en\/wp-json\/wp\/v2\/pages\/2006\/revisions\/2013"}],"up":[{"embeddable":true,"href":"https:\/\/digit.srl\/en\/wp-json\/wp\/v2\/pages\/3"}],"wp:attachment":[{"href":"https:\/\/digit.srl\/en\/wp-json\/wp\/v2\/media?parent=2006"}],"curies":[{"name":"wp","href":"https:\/\/api.w.org\/{rel}","templated":true}]}}